{"id":3614,"date":"2023-06-25T14:10:19","date_gmt":"2023-06-25T14:10:19","guid":{"rendered":"https:\/\/espidosamerica.com\/clientes\/"},"modified":"2023-07-07T23:16:58","modified_gmt":"2023-07-07T23:16:58","slug":"clientes","status":"publish","type":"page","link":"https:\/\/espidosamerica.com\/es\/clientes\/","title":{"rendered":"Clientes"},"content":{"rendered":"[vc_row type=&#8221;full_width_background&#8221; full_screen_row_position=&#8221;middle&#8221; column_margin=&#8221;20px&#8221; equal_height=&#8221;yes&#8221; content_placement=&#8221;middle&#8221; column_direction=&#8221;default&#8221; column_direction_tablet=&#8221;default&#8221; column_direction_phone=&#8221;default&#8221; scene_position=&#8221;center&#8221; top_margin=&#8221;20px&#8221; bottom_margin=&#8221;80px&#8221; text_color=&#8221;dark&#8221; text_align=&#8221;left&#8221; row_border_radius=&#8221;none&#8221; row_border_radius_applies=&#8221;bg&#8221; overflow=&#8221;visible&#8221; overlay_strength=&#8221;0.3&#8243; gradient_direction=&#8221;left_to_right&#8221; shape_divider_position=&#8221;bottom&#8221; bg_image_animation=&#8221;none&#8221; gradient_type=&#8221;default&#8221; shape_type=&#8221;&#8221;][vc_column column_padding=&#8221;no-extra-padding&#8221; column_padding_tablet=&#8221;inherit&#8221; column_padding_phone=&#8221;inherit&#8221; column_padding_position=&#8221;all&#8221; column_element_direction_desktop=&#8221;default&#8221; column_element_spacing=&#8221;default&#8221; desktop_text_alignment=&#8221;default&#8221; tablet_text_alignment=&#8221;default&#8221; phone_text_alignment=&#8221;default&#8221; background_color_opacity=&#8221;1&#8243; background_hover_color_opacity=&#8221;1&#8243; column_backdrop_filter=&#8221;none&#8221; column_shadow=&#8221;none&#8221; column_border_radius=&#8221;none&#8221; column_link_target=&#8221;_self&#8221; column_position=&#8221;default&#8221; gradient_direction=&#8221;left_to_right&#8221; overlay_strength=&#8221;0.3&#8243; width=&#8221;1\/2&#8243; tablet_width_inherit=&#8221;default&#8221; animation_type=&#8221;default&#8221; enable_animation=&#8221;true&#8221; animation=&#8221;fade-in&#8221; animation_easing=&#8221;default&#8221; bg_image_animation=&#8221;none&#8221; border_type=&#8221;simple&#8221; column_border_width=&#8221;none&#8221; column_border_style=&#8221;solid&#8221; column_padding_type=&#8221;default&#8221; gradient_type=&#8221;default&#8221;][image_with_animation image_url=&#8221;3479&#8243; image_size=&#8221;full&#8221; animation_type=&#8221;entrance&#8221; animation=&#8221;None&#8221; animation_movement_type=&#8221;transform_y&#8221; hover_animation=&#8221;none&#8221; alignment=&#8221;&#8221; border_radius=&#8221;none&#8221; box_shadow=&#8221;none&#8221; image_loading=&#8221;default&#8221; max_width=&#8221;100%&#8221; max_width_mobile=&#8221;default&#8221;][\/vc_column][vc_column column_padding=&#8221;no-extra-padding&#8221; column_padding_tablet=&#8221;inherit&#8221; column_padding_phone=&#8221;inherit&#8221; column_padding_position=&#8221;all&#8221; column_element_direction_desktop=&#8221;default&#8221; column_element_spacing=&#8221;default&#8221; desktop_text_alignment=&#8221;default&#8221; tablet_text_alignment=&#8221;default&#8221; phone_text_alignment=&#8221;default&#8221; background_color_opacity=&#8221;1&#8243; background_hover_color_opacity=&#8221;1&#8243; column_backdrop_filter=&#8221;none&#8221; column_shadow=&#8221;none&#8221; column_border_radius=&#8221;none&#8221; column_link_target=&#8221;_self&#8221; column_position=&#8221;default&#8221; gradient_direction=&#8221;left_to_right&#8221; overlay_strength=&#8221;0.3&#8243; width=&#8221;1\/2&#8243; tablet_width_inherit=&#8221;default&#8221; animation_type=&#8221;default&#8221; enable_animation=&#8221;true&#8221; animation=&#8221;fade-in&#8221; animation_easing=&#8221;default&#8221; bg_image_animation=&#8221;none&#8221; border_type=&#8221;simple&#8221; column_border_width=&#8221;none&#8221; column_border_style=&#8221;solid&#8221; column_padding_type=&#8221;default&#8221; gradient_type=&#8221;default&#8221; delay=&#8221;250&#8243;][vc_column_text]Las empresas con una o varias marcas de ropa de moda encuentran en <strong>ESPIDOS<\/strong> una soluci\u00f3n integral de abastecimiento para todas sus necesidades de desarrollo y fabricaci\u00f3n de productos con un <strong>flujo constante de producci\u00f3n de prendas, control de calidad constante, cumplimiento estricto de entrega, y un alto nivel de innovaci\u00f3n.<\/strong><\/p>\n<p>Para <strong>ESPIDOS<\/strong>, los clientes son socios y aliados estrat\u00e9gicos con los que se construye una s\u00f3lida alianza de suministro de largo plazo y beneficio mutuo. El enfoque de trabajar en equipo con sus &#8220;socios&#8221; facilita la transformaci\u00f3n de ideas en prendas de moda de alta calidad que generan ventas y utilidades. Anticiparse y cubrir las necesidades en el desarrollo de productos y agregar valor al proceso de fabricaci\u00f3n ha permitido a <strong>ESPIDOS<\/strong> mantener un crecimiento constante.<\/p>\n<p>La facilidad de conexi\u00f3n en el continente Americano, <strong>a solo 3 horas de vuelo de Medell\u00edn a Miami, y teniendo la misma zona horaria de New York<\/strong>, posiciona a <strong>ESPIDOS<\/strong> como un aliado muy cercano para el abastecimiento eficiente y \u00e9tico de prendas de moda para marcas que desean diferenciarse y mejorar el proceso de desarrollo de sus colecciones.[\/vc_column_text][\/vc_column][\/vc_row][vc_row type=&#8221;full_width_content&#8221; full_screen_row_position=&#8221;middle&#8221; column_margin=&#8221;20px&#8221; equal_height=&#8221;yes&#8221; content_placement=&#8221;middle&#8221; column_direction=&#8221;default&#8221; column_direction_tablet=&#8221;default&#8221; column_direction_phone=&#8221;default&#8221; scene_position=&#8221;center&#8221; left_padding_desktop=&#8221;1%&#8221; constrain_group_2=&#8221;yes&#8221; right_padding_desktop=&#8221;1%&#8221; bottom_margin=&#8221;80px&#8221; text_color=&#8221;dark&#8221; text_align=&#8221;center&#8221; row_border_radius=&#8221;none&#8221; row_border_radius_applies=&#8221;bg&#8221; overflow=&#8221;visible&#8221; id=&#8221;alliances&#8221; overlay_strength=&#8221;0.3&#8243; gradient_direction=&#8221;left_to_right&#8221; shape_divider_position=&#8221;bottom&#8221; bg_image_animation=&#8221;none&#8221; gradient_type=&#8221;default&#8221; shape_type=&#8221;&#8221;][vc_column column_padding=&#8221;no-extra-padding&#8221; column_padding_tablet=&#8221;inherit&#8221; column_padding_phone=&#8221;inherit&#8221; column_padding_position=&#8221;all&#8221; column_element_direction_desktop=&#8221;default&#8221; column_element_spacing=&#8221;default&#8221; desktop_text_alignment=&#8221;default&#8221; tablet_text_alignment=&#8221;default&#8221; phone_text_alignment=&#8221;default&#8221; background_color_opacity=&#8221;1&#8243; background_hover_color_opacity=&#8221;1&#8243; column_backdrop_filter=&#8221;none&#8221; column_shadow=&#8221;none&#8221; column_border_radius=&#8221;none&#8221; column_link_target=&#8221;_self&#8221; column_position=&#8221;default&#8221; gradient_direction=&#8221;left_to_right&#8221; overlay_strength=&#8221;0.3&#8243; width=&#8221;1\/1&#8243; tablet_width_inherit=&#8221;default&#8221; animation_type=&#8221;default&#8221; enable_animation=&#8221;true&#8221; animation=&#8221;fade-in&#8221; animation_easing=&#8221;default&#8221; bg_image_animation=&#8221;none&#8221; border_type=&#8221;simple&#8221; column_border_width=&#8221;none&#8221; column_border_style=&#8221;solid&#8221; column_padding_type=&#8221;default&#8221; gradient_type=&#8221;default&#8221; delay=&#8221;250&#8243;][heading]\n<h2>Algunos aliados<\/h2>\n[\/heading][nectar_global_section id=&#8221;3500&#8243;][\/vc_column][\/vc_row]\n","protected":false},"excerpt":{"rendered":"<p>[vc_row type=&#8221;full_width_background&#8221; full_screen_row_position=&#8221;middle&#8221; column_margin=&#8221;20px&#8221; equal_height=&#8221;yes&#8221; content_placement=&#8221;middle&#8221; column_direction=&#8221;default&#8221; column_direction_tablet=&#8221;default&#8221; column_direction_phone=&#8221;default&#8221; scene_position=&#8221;center&#8221; top_margin=&#8221;20px&#8221; bottom_margin=&#8221;80px&#8221; text_color=&#8221;dark&#8221; text_align=&#8221;left&#8221; row_border_radius=&#8221;none&#8221; row_border_radius_applies=&#8221;bg&#8221; overflow=&#8221;visible&#8221; overlay_strength=&#8221;0.3&#8243; gradient_direction=&#8221;left_to_right&#8221; shape_divider_position=&#8221;bottom&#8221; bg_image_animation=&#8221;none&#8221; gradient_type=&#8221;default&#8221; shape_type=&#8221;&#8221;][vc_column column_padding=&#8221;no-extra-padding&#8221; column_padding_tablet=&#8221;inherit&#8221;&#8230;<\/p>\n","protected":false},"author":1,"featured_media":0,"parent":0,"menu_order":0,"comment_status":"closed","ping_status":"closed","template":"","meta":{"nf_dc_page":"","footnotes":""},"class_list":["post-3614","page","type-page","status-publish"],"yoast_head":"<!-- This site is optimized with the Yoast SEO plugin v27.5 - https:\/\/yoast.com\/product\/yoast-seo-wordpress\/ -->\n<title>Aliados estrat\u00e9gicos - clientes Espidos Am\u00e9rica<\/title>\n<meta name=\"description\" content=\"Marcas internacionales de moda encuentran la soluci\u00f3n en manufactura de prendas, estricto cumplimiento en las entregas e innovaci\u00f3n.\" \/>\n<meta name=\"robots\" content=\"index, follow, max-snippet:-1, max-image-preview:large, max-video-preview:-1\" \/>\n<link rel=\"canonical\" href=\"https:\/\/espidosamerica.com\/es\/clientes\/\" \/>\n<meta property=\"og:locale\" content=\"es_ES\" \/>\n<meta property=\"og:type\" content=\"article\" \/>\n<meta property=\"og:title\" content=\"Aliados estrat\u00e9gicos - clientes Espidos Am\u00e9rica\" \/>\n<meta property=\"og:description\" content=\"Marcas internacionales de moda encuentran la soluci\u00f3n en manufactura de prendas, estricto cumplimiento en las entregas e innovaci\u00f3n.\" \/>\n<meta property=\"og:url\" content=\"https:\/\/espidosamerica.com\/es\/clientes\/\" \/>\n<meta property=\"og:site_name\" content=\"Espidos America\" \/>\n<meta property=\"article:modified_time\" content=\"2023-07-07T23:16:58+00:00\" \/>\n<meta name=\"twitter:card\" content=\"summary_large_image\" \/>\n<meta name=\"twitter:label1\" content=\"Tiempo de lectura\" \/>\n\t<meta name=\"twitter:data1\" content=\"2 minutos\" \/>\n<script type=\"application\/ld+json\" class=\"yoast-schema-graph\">{\"@context\":\"https:\\\/\\\/schema.org\",\"@graph\":[{\"@type\":\"WebPage\",\"@id\":\"https:\\\/\\\/espidosamerica.com\\\/es\\\/clientes\\\/\",\"url\":\"https:\\\/\\\/espidosamerica.com\\\/es\\\/clientes\\\/\",\"name\":\"Aliados estrat\u00e9gicos - clientes Espidos Am\u00e9rica\",\"isPartOf\":{\"@id\":\"https:\\\/\\\/espidosamerica.com\\\/es\\\/#website\"},\"datePublished\":\"2023-06-25T14:10:19+00:00\",\"dateModified\":\"2023-07-07T23:16:58+00:00\",\"description\":\"Marcas internacionales de moda encuentran la soluci\u00f3n en manufactura de prendas, estricto cumplimiento en las entregas e innovaci\u00f3n.\",\"breadcrumb\":{\"@id\":\"https:\\\/\\\/espidosamerica.com\\\/es\\\/clientes\\\/#breadcrumb\"},\"inLanguage\":\"es\",\"potentialAction\":[{\"@type\":\"ReadAction\",\"target\":[\"https:\\\/\\\/espidosamerica.com\\\/es\\\/clientes\\\/\"]}]},{\"@type\":\"BreadcrumbList\",\"@id\":\"https:\\\/\\\/espidosamerica.com\\\/es\\\/clientes\\\/#breadcrumb\",\"itemListElement\":[{\"@type\":\"ListItem\",\"position\":1,\"name\":\"Home\",\"item\":\"https:\\\/\\\/espidosamerica.com\\\/es\\\/\"},{\"@type\":\"ListItem\",\"position\":2,\"name\":\"Clientes\"}]},{\"@type\":\"WebSite\",\"@id\":\"https:\\\/\\\/espidosamerica.com\\\/es\\\/#website\",\"url\":\"https:\\\/\\\/espidosamerica.com\\\/es\\\/\",\"name\":\"Espidos America\",\"description\":\"Espidos America\",\"alternateName\":\"Espidos\",\"potentialAction\":[{\"@type\":\"SearchAction\",\"target\":{\"@type\":\"EntryPoint\",\"urlTemplate\":\"https:\\\/\\\/espidosamerica.com\\\/es\\\/?s={search_term_string}\"},\"query-input\":{\"@type\":\"PropertyValueSpecification\",\"valueRequired\":true,\"valueName\":\"search_term_string\"}}],\"inLanguage\":\"es\"}]}<\/script>\n<!-- \/ Yoast SEO plugin. -->","yoast_head_json":{"title":"Aliados estrat\u00e9gicos - clientes Espidos Am\u00e9rica","description":"Marcas internacionales de moda encuentran la soluci\u00f3n en manufactura de prendas, estricto cumplimiento en las entregas e innovaci\u00f3n.","robots":{"index":"index","follow":"follow","max-snippet":"max-snippet:-1","max-image-preview":"max-image-preview:large","max-video-preview":"max-video-preview:-1"},"canonical":"https:\/\/espidosamerica.com\/es\/clientes\/","og_locale":"es_ES","og_type":"article","og_title":"Aliados estrat\u00e9gicos - clientes Espidos Am\u00e9rica","og_description":"Marcas internacionales de moda encuentran la soluci\u00f3n en manufactura de prendas, estricto cumplimiento en las entregas e innovaci\u00f3n.","og_url":"https:\/\/espidosamerica.com\/es\/clientes\/","og_site_name":"Espidos America","article_modified_time":"2023-07-07T23:16:58+00:00","twitter_card":"summary_large_image","twitter_misc":{"Tiempo de lectura":"2 minutos"},"schema":{"@context":"https:\/\/schema.org","@graph":[{"@type":"WebPage","@id":"https:\/\/espidosamerica.com\/es\/clientes\/","url":"https:\/\/espidosamerica.com\/es\/clientes\/","name":"Aliados estrat\u00e9gicos - clientes Espidos Am\u00e9rica","isPartOf":{"@id":"https:\/\/espidosamerica.com\/es\/#website"},"datePublished":"2023-06-25T14:10:19+00:00","dateModified":"2023-07-07T23:16:58+00:00","description":"Marcas internacionales de moda encuentran la soluci\u00f3n en manufactura de prendas, estricto cumplimiento en las entregas e innovaci\u00f3n.","breadcrumb":{"@id":"https:\/\/espidosamerica.com\/es\/clientes\/#breadcrumb"},"inLanguage":"es","potentialAction":[{"@type":"ReadAction","target":["https:\/\/espidosamerica.com\/es\/clientes\/"]}]},{"@type":"BreadcrumbList","@id":"https:\/\/espidosamerica.com\/es\/clientes\/#breadcrumb","itemListElement":[{"@type":"ListItem","position":1,"name":"Home","item":"https:\/\/espidosamerica.com\/es\/"},{"@type":"ListItem","position":2,"name":"Clientes"}]},{"@type":"WebSite","@id":"https:\/\/espidosamerica.com\/es\/#website","url":"https:\/\/espidosamerica.com\/es\/","name":"Espidos America","description":"Espidos America","alternateName":"Espidos","potentialAction":[{"@type":"SearchAction","target":{"@type":"EntryPoint","urlTemplate":"https:\/\/espidosamerica.com\/es\/?s={search_term_string}"},"query-input":{"@type":"PropertyValueSpecification","valueRequired":true,"valueName":"search_term_string"}}],"inLanguage":"es"}]}},"_links":{"self":[{"href":"https:\/\/espidosamerica.com\/es\/wp-json\/wp\/v2\/pages\/3614","targetHints":{"allow":["GET"]}}],"collection":[{"href":"https:\/\/espidosamerica.com\/es\/wp-json\/wp\/v2\/pages"}],"about":[{"href":"https:\/\/espidosamerica.com\/es\/wp-json\/wp\/v2\/types\/page"}],"author":[{"embeddable":true,"href":"https:\/\/espidosamerica.com\/es\/wp-json\/wp\/v2\/users\/1"}],"replies":[{"embeddable":true,"href":"https:\/\/espidosamerica.com\/es\/wp-json\/wp\/v2\/comments?post=3614"}],"version-history":[{"count":4,"href":"https:\/\/espidosamerica.com\/es\/wp-json\/wp\/v2\/pages\/3614\/revisions"}],"predecessor-version":[{"id":3621,"href":"https:\/\/espidosamerica.com\/es\/wp-json\/wp\/v2\/pages\/3614\/revisions\/3621"}],"wp:attachment":[{"href":"https:\/\/espidosamerica.com\/es\/wp-json\/wp\/v2\/media?parent=3614"}],"curies":[{"name":"wp","href":"https:\/\/api.w.org\/{rel}","templated":true}]}}